{"id":300,"date":"2022-09-20T15:19:16","date_gmt":"2022-09-20T13:19:16","guid":{"rendered":"https:\/\/dev.podbielski.pl\/?page_id=300"},"modified":"2022-09-20T15:20:03","modified_gmt":"2022-09-20T13:20:03","slug":"o-dr-podbielskim","status":"publish","type":"page","link":"https:\/\/dev.podbielski.pl\/en\/o-dr-podbielskim\/","title":{"rendered":"Dr. Podbielski"},"content":{"rendered":"","protected":false},"excerpt":{"rendered":"","protected":false},"author":1,"featured_media":0,"parent":0,"menu_order":0,"comment_status":"closed","ping_status":"closed","template":"page-drpodbielski.php","meta":{"_acf_changed":false,"footnotes":""},"class_list":["post-300","page","type-page","status-publish","hentry"],"acf":[],"yoast_head":"<!-- This site is optimized with the Yoast SEO plugin v24.7 - https:\/\/yoast.com\/wordpress\/plugins\/seo\/ -->\n<title>Doktor Tadeusz Podbielski - historia \u017cycia i dokona\u0144 - Fundacja Dr Podbielski<\/title>\n<meta name=\"description\" content=\"Kim by\u0142 doktor Tadeusz Podbielski? Czym si\u0119 zajmowa\u0142? Poznaj \u017cyciorys tw\u00f3rcy preparatu mikroelemnty TP2!\" \/>\n<meta name=\"robots\" content=\"index, follow, max-snippet:-1, max-image-preview:large, max-video-preview:-1\" \/>\n<link rel=\"canonical\" href=\"https:\/\/podbielski.pl\/\" \/>\n<meta property=\"og:locale\" content=\"en_US\" \/>\n<meta property=\"og:type\" content=\"article\" \/>\n<meta property=\"og:title\" content=\"Doktor Tadeusz Podbielski - historia \u017cycia i dokona\u0144 - Fundacja Dr Podbielski\" \/>\n<meta property=\"og:description\" content=\"Kim by\u0142 doktor Tadeusz Podbielski? Czym si\u0119 zajmowa\u0142? Poznaj \u017cyciorys tw\u00f3rcy preparatu mikroelemnty TP2!\" \/>\n<meta property=\"og:url\" content=\"https:\/\/podbielski.pl\/\" \/>\n<meta property=\"og:site_name\" content=\"Podbielski\" \/>\n<meta property=\"article:modified_time\" content=\"2022-09-20T13:20:03+00:00\" \/>\n<meta name=\"twitter:card\" content=\"summary_large_image\" \/>\n<script type=\"application\/ld+json\" class=\"yoast-schema-graph\">{\"@context\":\"https:\/\/schema.org\",\"@graph\":[{\"@type\":\"WebPage\",\"@id\":\"https:\/\/podbielski.pl\/\",\"url\":\"https:\/\/podbielski.pl\/\",\"name\":\"Doktor Tadeusz Podbielski - historia \u017cycia i dokona\u0144 - Fundacja Dr Podbielski\",\"isPartOf\":{\"@id\":\"https:\/\/podbielski.pl\/#website\"},\"datePublished\":\"2022-09-20T13:19:16+00:00\",\"dateModified\":\"2022-09-20T13:20:03+00:00\",\"description\":\"Kim by\u0142 doktor Tadeusz Podbielski? Czym si\u0119 zajmowa\u0142? Poznaj \u017cyciorys tw\u00f3rcy preparatu mikroelemnty TP2!\",\"breadcrumb\":{\"@id\":\"https:\/\/podbielski.pl\/#breadcrumb\"},\"inLanguage\":\"en-US\",\"potentialAction\":[{\"@type\":\"ReadAction\",\"target\":[\"https:\/\/podbielski.pl\/\"]}]},{\"@type\":\"BreadcrumbList\",\"@id\":\"https:\/\/podbielski.pl\/#breadcrumb\",\"itemListElement\":[{\"@type\":\"ListItem\",\"position\":1,\"name\":\"Strona g\u0142\u00f3wna\",\"item\":\"https:\/\/podbielski.pl\/fundacja-dr-podbielski-powstala-by-upamietnic-i-kontynuowac-dzialania-tadeusza-podbielskiego-dowiedz-sie-wiecej-o-naszych-dzialaniach-i-samym-dr-podbielskim-sprawdz\/\"},{\"@type\":\"ListItem\",\"position\":2,\"name\":\"dr Podbielski\"}]},{\"@type\":\"WebSite\",\"@id\":\"https:\/\/podbielski.pl\/#website\",\"url\":\"https:\/\/podbielski.pl\/\",\"name\":\"Podbielski\",\"description\":\"\",\"potentialAction\":[{\"@type\":\"SearchAction\",\"target\":{\"@type\":\"EntryPoint\",\"urlTemplate\":\"https:\/\/podbielski.pl\/?s={search_term_string}\"},\"query-input\":{\"@type\":\"PropertyValueSpecification\",\"valueRequired\":true,\"valueName\":\"search_term_string\"}}],\"inLanguage\":\"en-US\"}]}<\/script>\n<!-- \/ Yoast SEO plugin. -->","yoast_head_json":{"title":"Doktor Tadeusz Podbielski - historia \u017cycia i dokona\u0144 - Fundacja Dr Podbielski","description":"Kim by\u0142 doktor Tadeusz Podbielski? Czym si\u0119 zajmowa\u0142? Poznaj \u017cyciorys tw\u00f3rcy preparatu mikroelemnty TP2!","robots":{"index":"index","follow":"follow","max-snippet":"max-snippet:-1","max-image-preview":"max-image-preview:large","max-video-preview":"max-video-preview:-1"},"canonical":"https:\/\/podbielski.pl\/","og_locale":"en_US","og_type":"article","og_title":"Doktor Tadeusz Podbielski - historia \u017cycia i dokona\u0144 - Fundacja Dr Podbielski","og_description":"Kim by\u0142 doktor Tadeusz Podbielski? Czym si\u0119 zajmowa\u0142? Poznaj \u017cyciorys tw\u00f3rcy preparatu mikroelemnty TP2!","og_url":"https:\/\/podbielski.pl\/","og_site_name":"Podbielski","article_modified_time":"2022-09-20T13:20:03+00:00","twitter_card":"summary_large_image","schema":{"@context":"https:\/\/schema.org","@graph":[{"@type":"WebPage","@id":"https:\/\/podbielski.pl\/","url":"https:\/\/podbielski.pl\/","name":"Doktor Tadeusz Podbielski - historia \u017cycia i dokona\u0144 - Fundacja Dr Podbielski","isPartOf":{"@id":"https:\/\/podbielski.pl\/#website"},"datePublished":"2022-09-20T13:19:16+00:00","dateModified":"2022-09-20T13:20:03+00:00","description":"Kim by\u0142 doktor Tadeusz Podbielski? Czym si\u0119 zajmowa\u0142? Poznaj \u017cyciorys tw\u00f3rcy preparatu mikroelemnty TP2!","breadcrumb":{"@id":"https:\/\/podbielski.pl\/#breadcrumb"},"inLanguage":"en-US","potentialAction":[{"@type":"ReadAction","target":["https:\/\/podbielski.pl\/"]}]},{"@type":"BreadcrumbList","@id":"https:\/\/podbielski.pl\/#breadcrumb","itemListElement":[{"@type":"ListItem","position":1,"name":"Strona g\u0142\u00f3wna","item":"https:\/\/podbielski.pl\/fundacja-dr-podbielski-powstala-by-upamietnic-i-kontynuowac-dzialania-tadeusza-podbielskiego-dowiedz-sie-wiecej-o-naszych-dzialaniach-i-samym-dr-podbielskim-sprawdz\/"},{"@type":"ListItem","position":2,"name":"dr Podbielski"}]},{"@type":"WebSite","@id":"https:\/\/podbielski.pl\/#website","url":"https:\/\/podbielski.pl\/","name":"Podbielski","description":"","potentialAction":[{"@type":"SearchAction","target":{"@type":"EntryPoint","urlTemplate":"https:\/\/podbielski.pl\/?s={search_term_string}"},"query-input":{"@type":"PropertyValueSpecification","valueRequired":true,"valueName":"search_term_string"}}],"inLanguage":"en-US"}]}},"_links":{"self":[{"href":"https:\/\/dev.podbielski.pl\/en\/wp-json\/wp\/v2\/pages\/300","targetHints":{"allow":["GET"]}}],"collection":[{"href":"https:\/\/dev.podbielski.pl\/en\/wp-json\/wp\/v2\/pages"}],"about":[{"href":"https:\/\/dev.podbielski.pl\/en\/wp-json\/wp\/v2\/types\/page"}],"author":[{"embeddable":true,"href":"https:\/\/dev.podbielski.pl\/en\/wp-json\/wp\/v2\/users\/1"}],"replies":[{"embeddable":true,"href":"https:\/\/dev.podbielski.pl\/en\/wp-json\/wp\/v2\/comments?post=300"}],"version-history":[{"count":1,"href":"https:\/\/dev.podbielski.pl\/en\/wp-json\/wp\/v2\/pages\/300\/revisions"}],"predecessor-version":[{"id":301,"href":"https:\/\/dev.podbielski.pl\/en\/wp-json\/wp\/v2\/pages\/300\/revisions\/301"}],"wp:attachment":[{"href":"https:\/\/dev.podbielski.pl\/en\/wp-json\/wp\/v2\/media?parent=300"}],"curies":[{"name":"wp","href":"https:\/\/api.w.org\/{rel}","templated":true}]}}