{"id":305,"date":"2022-09-20T15:34:35","date_gmt":"2022-09-20T13:34:35","guid":{"rendered":"https:\/\/dev.podbielski.pl\/?page_id=305"},"modified":"2023-04-18T10:34:11","modified_gmt":"2023-04-18T08:34:11","slug":"mikroelementy-tp-2","status":"publish","type":"page","link":"https:\/\/dev.podbielski.pl\/en\/mikroelementy-tp-2\/","title":{"rendered":"Micronutrients TP 2"},"content":{"rendered":"<h2><b>Micronutrients <\/b>TP2 from Dr. Tadeusz Podbielski<\/h2>\n<p>If you are looking for a way to noticeably improve the immunity of your body, this is the right place. We present a unique preparation <b>TP2 <\/b>developed years ago by Dr. Tadeusz Podbielski, who changed the faces of both conventional and unconventional medicine.<\/p>\n<p>In the preparation of TP2 there are essential for the proper functioning of the human body <b>micronutrients <\/b>such as magnesium (Mg), iron (Fe), copper (Cu), zinc (Zn) and more. What makes the whole thing special is the addition of cobalt (Co), or more precisely, cobalt chloride, which has a positive effect on many human health issues.<\/p>\n<p>Formula <b>TP2 <\/b>was perfected by Dr. Tadeusz Podbielski for 50 years. The result is a proven product that perfectly improves the body's defensive capabilities against disease entities. You can learn about its effectiveness in the fight against cancer from the \"Research\" tab available on our website, as well as the \"People's Stories\" tab on the home page. We invite you to read more!<\/p>\n<h2><b>What are micronutrients<\/b>? Basic information<\/h2>\n<p>The human body is an extremely complex mechanism that needs a great many components to develop and function properly. <b>Micronutrients<\/b> Are one of them. This group includes trace elements, which are usually supplied either through food or supplementation.<\/p>\n<p><b>Micronutrients in the body<\/b> are so important that their deficiency can lead to disorders manifested in the abnormal functioning of internal organs. In doing so, they are also ubiquitous, appearing in enzymes, compounds, body fluids and the composition of individual tissues, among other things.<\/p>\n<p>Based on the above information, the answer to the question \" can already be clearly formulated.<b>what are micronutrients<\/b>\" and why they are so important. This is why the TP2 formula developed by Dr. Tadeusz Podbielski has such a positive effect on building the body's immunity.<\/p>\n<h2><b>Micronutrients - examples<\/b> actions<\/h2>\n<p>TP2 formula contains carefully selected trace elements, composed in such a way that they can complement each other and have the greatest effectiveness. There is a reason why the trace elements contained in TP2 are called \"minerals of life.\" This is a term introduced by well-known and respected professor of medical sciences Julian Aleksandrowicz.<\/p>\n<h3>Cobalt in<b> TP2<\/b><\/h3>\n<p>Although this element is found in the human body in very small amounts, it is of great importance for its proper functioning. It is an active biocatalyst and shows greater activity than other oxidoreducing enzymes such as peroxidase, for example.<\/p>\n<p><a href=\"https:\/\/dev.podbielski.pl\/en\/kobalt\/\">Cobalt in the body<\/a> It also initiates the synthesis of nucleic acids, accelerates the processes of cell division and has a positive effect on regeneration. Numerous studies confirm the beneficial effects of this element in the course of such diseases as cancerous anemia and accompanying kidney diseases, anemia of leukemic origin, malignant myeloma, myeloma and aplastic anemia.<\/p>\n<p>That is why it perfectly complements other<b> micronutrients and elements<\/b>, being such an important component of the preparation developed by Dr. Tadeusz Podbielski.<\/p>\n<h3>Iron in <b>TP2<\/b><\/h3>\n<p>A lot has really been said about the importance of iron for human health. This is an element that could not be missing in a natural immunity booster <b>TP2<\/b>.<\/p>\n<p><a href=\"https:\/\/dev.podbielski.pl\/en\/zelazo\/\">Iron in the body<\/a> performs an extremely important function. It is a component of hemoglobin, a protein found in red blood cells that is responsible for transporting oxygen. It is also found in myoglobin, a muscle protein that enables the uptake of oxygen from the blood. For this reason, it directly affects regenerative processes and enhances performance.<\/p>\n<p>Although <b>micronutrients<\/b> such as iron are found in food, it is relatively common for the body to struggle with deficiencies. These can be very serious and result in a drop in hemoglobin levels, and thus to anemia. Other symptoms of deficiency of this element include bleeding, pale skin, weakness, decreased immunity, hair loss, heart rhythm disturbances, decreased concentration, mental performance and endurance.<\/p>\n<h3>Magnesium in <b>TP2<\/b><\/h3>\n<p>This is another element without which human health is seriously compromised. Magnesium stores are primarily deposited in the skeletal system and skeletal muscles. Some of it also ends up in other tissues and internal organs, mainly the kidneys, liver and gastrointestinal tract.<\/p>\n<p><a href=\"https:\/\/dev.podbielski.pl\/en\/magnez\/\">Magnesium in the body<\/a> performs many functions. Among other things, it catalyzes the synthesis of nucleic acids and the metabolism of proteins, fats and carbohydrates. It supports cell membranes, and also stabilizes platelets and regulates blood pressure. It also has a noticeable effect on the immune system.<\/p>\n<p><b>Micronutrients and elements <\/b>contained in Dr. Tadeusz Podbielski's TP2 formula are selected in optimal proportions. As a result, the risk of deficiencies decreases, and the body's immunity and ability to fight cancer are greatly enhanced.<\/p>\n<h3>Copper in<b> TP2<\/b><\/h3>\n<p>It is a micronutrient that interacts with cuproenzymes, which produce energy, are responsible for iron metabolism, neuropeptide activation, and synthesis of connective tissue and neurotransmitters.<\/p>\n<p><a href=\"https:\/\/dev.podbielski.pl\/en\/miedz\/\">Copper in the body<\/a> in the right proportions has a positive effect on the circulatory, skeletal and nervous systems, and is quite important for immune function. For this reason, it is crucial in the fight against many types of diseases. It is for these reasons that it supports other <b>micronutrients<\/b> present in Dr. Tadeusz Podbielski's TP2 preparation.<\/p>\n<p>Since copper maintains normal levels of collagen and elastin, with deficiencies the body struggles with its inability to replace damaged tissues. Other symptoms include, but are not limited to, heart and circulatory problems, abnormal functioning of the nervous and immune systems, as well as organs such as the lungs, thyroid, pancreas and kidneys.<\/p>\n<h3>Zinc in <b>TP2<\/b><\/h3>\n<p>Mentioning <b>micronutrients<\/b> contained in the preparation of Dr. Tadeusz Podbielski, zinc should not be forgotten. It is one of the most important elements affecting the human body.<\/p>\n<p><a href=\"https:\/\/dev.podbielski.pl\/en\/cynk\/\">Zinc in the body<\/a> is found in the structure of nearly 200 enzymes that beneficially affect the work of many tissues and organs. It affects the proper absorption of vitamins, lowers cholesterol, regulates blood pressure and contributes to bone mineralization.<\/p>\n<p>It is an element that also has a positive effect on the work of many systems, including the circulatory, nervous, bone, and immune systems. For this reason, it is an essential element needed to combat many serious diseases.<\/p>\n<h2><b>Micronutrients in the body<\/b> - impact of TP2 preparation<\/h2>\n<p>The ravages of disease, as well as an unhealthy and irregular lifestyle, lead to havoc in the body. <b>Micronutrients in the body<\/b> are often supplied in the wrong proportions due to imbalanced diets and less nutritious foods.<\/p>\n<p>Taking the product<b> TP2<\/b> can be a remedy for such problems. The included <b>minerals and elements<\/b> can affect the body's ability to fight disease entities in an ad hoc manner and contribute to improving health.<\/p>\n<p>We encourage you to familiarize yourself with all the properties of the TP2 preparation developed by Dr. Tadeusz Podbielski. Micronutrients <b>TP2<\/b> are available completely free of charge, and the only cost to order them is to pay for shipping.<\/p>","protected":false},"excerpt":{"rendered":"<p>TP2 Micronutrients from Dr. Tadeusz Podbielski If you are looking for a way to noticeably improve your body's immunity, this is the right place. We present a unique <a href=\"https:\/\/dev.podbielski.pl\/en\/mikroelementy-tp-2\/\" class=\"more-link\">Read more...<\/a><\/p>","protected":false},"author":1,"featured_media":0,"parent":0,"menu_order":0,"comment_status":"closed","ping_status":"closed","template":"page-MikroelementyTP2.php","meta":{"_acf_changed":false,"footnotes":""},"class_list":["post-305","page","type-page","status-publish","hentry"],"acf":[],"yoast_head":"<!-- This site is optimized with the Yoast SEO plugin v24.7 - https:\/\/yoast.com\/wordpress\/plugins\/seo\/ -->\n<title>Mikroelementy TP2 doktora Podbielskiego - Fundacja Dr Podbielski<\/title>\n<meta name=\"description\" content=\"Czym s\u0105 mikroelementy TP2? Jakie maj\u0105 w\u0142a\u015bciwo\u015bci? Przy jakich schorzeniach si\u0119 sprawdz\u0105? Odpowiadamy!\" \/>\n<meta name=\"robots\" content=\"index, follow, max-snippet:-1, max-image-preview:large, max-video-preview:-1\" \/>\n<link rel=\"canonical\" href=\"https:\/\/podbielski.pl\/mikroelementy-tp-2\/\" \/>\n<meta property=\"og:locale\" content=\"en_US\" \/>\n<meta property=\"og:type\" content=\"article\" \/>\n<meta property=\"og:title\" content=\"Mikroelementy TP2 doktora Podbielskiego - Fundacja Dr Podbielski\" \/>\n<meta property=\"og:description\" content=\"Czym s\u0105 mikroelementy TP2? Jakie maj\u0105 w\u0142a\u015bciwo\u015bci? Przy jakich schorzeniach si\u0119 sprawdz\u0105? Odpowiadamy!\" \/>\n<meta property=\"og:url\" content=\"https:\/\/podbielski.pl\/mikroelementy-tp-2\/\" \/>\n<meta property=\"og:site_name\" content=\"Podbielski\" \/>\n<meta property=\"article:modified_time\" content=\"2023-04-18T08:34:11+00:00\" \/>\n<meta name=\"twitter:card\" content=\"summary_large_image\" \/>\n<meta name=\"twitter:label1\" content=\"Est. reading time\" \/>\n\t<meta name=\"twitter:data1\" content=\"6 minutes\" \/>\n<script type=\"application\/ld+json\" class=\"yoast-schema-graph\">{\"@context\":\"https:\/\/schema.org\",\"@graph\":[{\"@type\":\"WebPage\",\"@id\":\"https:\/\/podbielski.pl\/mikroelementy-tp-2\/\",\"url\":\"https:\/\/podbielski.pl\/mikroelementy-tp-2\/\",\"name\":\"Mikroelementy TP2 doktora Podbielskiego - Fundacja Dr Podbielski\",\"isPartOf\":{\"@id\":\"https:\/\/podbielski.pl\/#website\"},\"datePublished\":\"2022-09-20T13:34:35+00:00\",\"dateModified\":\"2023-04-18T08:34:11+00:00\",\"description\":\"Czym s\u0105 mikroelementy TP2? Jakie maj\u0105 w\u0142a\u015bciwo\u015bci? Przy jakich schorzeniach si\u0119 sprawdz\u0105? Odpowiadamy!\",\"breadcrumb\":{\"@id\":\"https:\/\/podbielski.pl\/mikroelementy-tp-2\/#breadcrumb\"},\"inLanguage\":\"en-US\",\"potentialAction\":[{\"@type\":\"ReadAction\",\"target\":[\"https:\/\/podbielski.pl\/mikroelementy-tp-2\/\"]}]},{\"@type\":\"BreadcrumbList\",\"@id\":\"https:\/\/podbielski.pl\/mikroelementy-tp-2\/#breadcrumb\",\"itemListElement\":[{\"@type\":\"ListItem\",\"position\":1,\"name\":\"Strona g\u0142\u00f3wna\",\"item\":\"https:\/\/podbielski.pl\/fundacja-dr-podbielski-powstala-by-upamietnic-i-kontynuowac-dzialania-tadeusza-podbielskiego-dowiedz-sie-wiecej-o-naszych-dzialaniach-i-samym-dr-podbielskim-sprawdz\/\"},{\"@type\":\"ListItem\",\"position\":2,\"name\":\"Mikroelementy TP 2\"}]},{\"@type\":\"WebSite\",\"@id\":\"https:\/\/podbielski.pl\/#website\",\"url\":\"https:\/\/podbielski.pl\/\",\"name\":\"Podbielski\",\"description\":\"\",\"potentialAction\":[{\"@type\":\"SearchAction\",\"target\":{\"@type\":\"EntryPoint\",\"urlTemplate\":\"https:\/\/podbielski.pl\/?s={search_term_string}\"},\"query-input\":{\"@type\":\"PropertyValueSpecification\",\"valueRequired\":true,\"valueName\":\"search_term_string\"}}],\"inLanguage\":\"en-US\"}]}<\/script>\n<!-- \/ Yoast SEO plugin. -->","yoast_head_json":{"title":"Mikroelementy TP2 doktora Podbielskiego - Fundacja Dr Podbielski","description":"Czym s\u0105 mikroelementy TP2? Jakie maj\u0105 w\u0142a\u015bciwo\u015bci? Przy jakich schorzeniach si\u0119 sprawdz\u0105? Odpowiadamy!","robots":{"index":"index","follow":"follow","max-snippet":"max-snippet:-1","max-image-preview":"max-image-preview:large","max-video-preview":"max-video-preview:-1"},"canonical":"https:\/\/podbielski.pl\/mikroelementy-tp-2\/","og_locale":"en_US","og_type":"article","og_title":"Mikroelementy TP2 doktora Podbielskiego - Fundacja Dr Podbielski","og_description":"Czym s\u0105 mikroelementy TP2? Jakie maj\u0105 w\u0142a\u015bciwo\u015bci? Przy jakich schorzeniach si\u0119 sprawdz\u0105? Odpowiadamy!","og_url":"https:\/\/podbielski.pl\/mikroelementy-tp-2\/","og_site_name":"Podbielski","article_modified_time":"2023-04-18T08:34:11+00:00","twitter_card":"summary_large_image","twitter_misc":{"Est. reading time":"6 minutes"},"schema":{"@context":"https:\/\/schema.org","@graph":[{"@type":"WebPage","@id":"https:\/\/podbielski.pl\/mikroelementy-tp-2\/","url":"https:\/\/podbielski.pl\/mikroelementy-tp-2\/","name":"Mikroelementy TP2 doktora Podbielskiego - Fundacja Dr Podbielski","isPartOf":{"@id":"https:\/\/podbielski.pl\/#website"},"datePublished":"2022-09-20T13:34:35+00:00","dateModified":"2023-04-18T08:34:11+00:00","description":"Czym s\u0105 mikroelementy TP2? Jakie maj\u0105 w\u0142a\u015bciwo\u015bci? Przy jakich schorzeniach si\u0119 sprawdz\u0105? Odpowiadamy!","breadcrumb":{"@id":"https:\/\/podbielski.pl\/mikroelementy-tp-2\/#breadcrumb"},"inLanguage":"en-US","potentialAction":[{"@type":"ReadAction","target":["https:\/\/podbielski.pl\/mikroelementy-tp-2\/"]}]},{"@type":"BreadcrumbList","@id":"https:\/\/podbielski.pl\/mikroelementy-tp-2\/#breadcrumb","itemListElement":[{"@type":"ListItem","position":1,"name":"Strona g\u0142\u00f3wna","item":"https:\/\/podbielski.pl\/fundacja-dr-podbielski-powstala-by-upamietnic-i-kontynuowac-dzialania-tadeusza-podbielskiego-dowiedz-sie-wiecej-o-naszych-dzialaniach-i-samym-dr-podbielskim-sprawdz\/"},{"@type":"ListItem","position":2,"name":"Mikroelementy TP 2"}]},{"@type":"WebSite","@id":"https:\/\/podbielski.pl\/#website","url":"https:\/\/podbielski.pl\/","name":"Podbielski","description":"","potentialAction":[{"@type":"SearchAction","target":{"@type":"EntryPoint","urlTemplate":"https:\/\/podbielski.pl\/?s={search_term_string}"},"query-input":{"@type":"PropertyValueSpecification","valueRequired":true,"valueName":"search_term_string"}}],"inLanguage":"en-US"}]}},"_links":{"self":[{"href":"https:\/\/dev.podbielski.pl\/en\/wp-json\/wp\/v2\/pages\/305","targetHints":{"allow":["GET"]}}],"collection":[{"href":"https:\/\/dev.podbielski.pl\/en\/wp-json\/wp\/v2\/pages"}],"about":[{"href":"https:\/\/dev.podbielski.pl\/en\/wp-json\/wp\/v2\/types\/page"}],"author":[{"embeddable":true,"href":"https:\/\/dev.podbielski.pl\/en\/wp-json\/wp\/v2\/users\/1"}],"replies":[{"embeddable":true,"href":"https:\/\/dev.podbielski.pl\/en\/wp-json\/wp\/v2\/comments?post=305"}],"version-history":[{"count":4,"href":"https:\/\/dev.podbielski.pl\/en\/wp-json\/wp\/v2\/pages\/305\/revisions"}],"predecessor-version":[{"id":730,"href":"https:\/\/dev.podbielski.pl\/en\/wp-json\/wp\/v2\/pages\/305\/revisions\/730"}],"wp:attachment":[{"href":"https:\/\/dev.podbielski.pl\/en\/wp-json\/wp\/v2\/media?parent=305"}],"curies":[{"name":"wp","href":"https:\/\/api.w.org\/{rel}","templated":true}]}}