{"id":312,"date":"2022-09-20T15:40:04","date_gmt":"2022-09-20T13:40:04","guid":{"rendered":"https:\/\/dev.podbielski.pl\/?page_id=312"},"modified":"2023-04-18T10:47:37","modified_gmt":"2023-04-18T08:47:37","slug":"badania","status":"publish","type":"page","link":"https:\/\/dev.podbielski.pl\/en\/badania\/","title":{"rendered":"Research"},"content":{"rendered":"<h2><b>Cancer treatment<\/b> with TP2 preparation - studies<\/h2>\n<p>Over the years, numerous testimonials from people who have used or continue to use Dr. Tadeusz Podbielski's TP2 preparation have confirmed its positive effects on the<b> cancer treatment<\/b>. Following this, a decision was made to conduct laboratory tests to determine the effect it has on cancer cells.<\/p>\n<p>Research on the TP2 formulation was carried out under laboratory conditions by the Institute of Immunology and Experimental Therapeutics of the Polish Academy of Sciences Laboratory of Experimental Anticancer Therapy. Cancer cells tested were lung cancer, prostate cancer, ovarian cancer, colorectal cancer and breast cancer.<\/p>\n<p>Below you will find the results of individual studies showing the effects of TP2 on cancer cells. They show that <b>natural cancer treatment <\/b>is as possible.<\/p>\n<h2><b>Cancer treatment without chemo<\/b> - TP2 research summary<\/h2>\n<p>Tests conducted have clearly shown that the TP2 formulation exhibits about 2-2.5 higher activity compared to its predecessor TP1, in inhibiting the growth of cancer cells (under laboratory conditions). The change is due to the enrichment of the formula with the presence of iron ions and copper.<\/p>\n<p>The impact of TP2 on <b>cancer treatment <\/b>was tested by applying the agent at various concentrations directly to the cancer cells. The number of cells after treatment with the agent was then compared with the number of control cells that were not affected by TP2. In this way, it was determined what percentage of the preparation was able to inhibit the growth of living cancer cells. The test results given below refer to the preparation applied at a dilution of 1:400.<\/p>\n<h3><b>Cancer treatment <\/b>colon<\/h3>\n<p>Under laboratory conditions, the TP2 preparation was able to inhibit the growth of colon cancer cells by about 97%. This means that the presence of live cancer cells in the sample after treatment with the preparation left only about 3%.<\/p>\n<h3><b>Cancer treatment <\/b>lungs<\/h3>\n<p>The TP2 formulation inhibited about 96% of cancer cells under laboratory conditions. Compared to the control sample, this means the presence of only 4% of viable cancer cells.<\/p>\n<h3><b>Cancer treatment<\/b> prostates<\/h3>\n<p>In this case, after testing under laboratory conditions, the growth of cancer cells was inhibited by about 78%. This means that about 22% of prostate cancer cells survived compared to the control sample.<\/p>\n<h3><b>Cancer treatment<\/b> ovary<\/h3>\n<p>The TP2 preparation, which was used to treat ovarian cancer tumor cells, was able to inhibit their growth by 96% (under laboratory conditions). After the test, about 4% of viable tumor cells remained.<\/p>\n<h3><b>Cancer treatment<\/b> breasts<\/h3>\n<p>In this case, under laboratory conditions, the TP2 preparation was also able to inhibit the growth of cancer cells by about 96%. Viable breast cancer cells remained about 4%.<\/p>","protected":false},"excerpt":{"rendered":"<p>Cancer treatment with TP2 preparation - research Over the years, numerous testimonials from people who have used or continue to use Dr. Tadeusz Podbielski's TP2 preparation have confirmed its <a href=\"https:\/\/dev.podbielski.pl\/en\/badania\/\" class=\"more-link\">Read more...<\/a><\/p>","protected":false},"author":1,"featured_media":0,"parent":0,"menu_order":0,"comment_status":"closed","ping_status":"closed","template":"page-badania.php","meta":{"_acf_changed":false,"footnotes":""},"class_list":["post-312","page","type-page","status-publish","hentry"],"acf":[],"yoast_head":"<!-- This site is optimized with the Yoast SEO plugin v24.7 - https:\/\/yoast.com\/wordpress\/plugins\/seo\/ -->\n<title>Badania Mikroelement\u00f3w TP2 - Fundacja Dr Podbielski<\/title>\n<meta name=\"description\" content=\"Badania skuteczno\u015bci mikroelement\u00f3w TP2 zebrane w jednym miejscu. Sprawd\u017a i dowiedz si\u0119 wi\u0119cej!\" \/>\n<meta name=\"robots\" content=\"index, follow, max-snippet:-1, max-image-preview:large, max-video-preview:-1\" \/>\n<link rel=\"canonical\" href=\"https:\/\/podbielski.pl\/badania\/\" \/>\n<meta property=\"og:locale\" content=\"en_US\" \/>\n<meta property=\"og:type\" content=\"article\" \/>\n<meta property=\"og:title\" content=\"Badania Mikroelement\u00f3w TP2 - Fundacja Dr Podbielski\" \/>\n<meta property=\"og:description\" content=\"Badania skuteczno\u015bci mikroelement\u00f3w TP2 zebrane w jednym miejscu. Sprawd\u017a i dowiedz si\u0119 wi\u0119cej!\" \/>\n<meta property=\"og:url\" content=\"https:\/\/podbielski.pl\/badania\/\" \/>\n<meta property=\"og:site_name\" content=\"Podbielski\" \/>\n<meta property=\"article:modified_time\" content=\"2023-04-18T08:47:37+00:00\" \/>\n<meta name=\"twitter:card\" content=\"summary_large_image\" \/>\n<meta name=\"twitter:label1\" content=\"Est. reading time\" \/>\n\t<meta name=\"twitter:data1\" content=\"3 minutes\" \/>\n<script type=\"application\/ld+json\" class=\"yoast-schema-graph\">{\"@context\":\"https:\/\/schema.org\",\"@graph\":[{\"@type\":\"WebPage\",\"@id\":\"https:\/\/podbielski.pl\/badania\/\",\"url\":\"https:\/\/podbielski.pl\/badania\/\",\"name\":\"Badania Mikroelement\u00f3w TP2 - Fundacja Dr Podbielski\",\"isPartOf\":{\"@id\":\"https:\/\/podbielski.pl\/#website\"},\"datePublished\":\"2022-09-20T13:40:04+00:00\",\"dateModified\":\"2023-04-18T08:47:37+00:00\",\"description\":\"Badania skuteczno\u015bci mikroelement\u00f3w TP2 zebrane w jednym miejscu. Sprawd\u017a i dowiedz si\u0119 wi\u0119cej!\",\"breadcrumb\":{\"@id\":\"https:\/\/podbielski.pl\/badania\/#breadcrumb\"},\"inLanguage\":\"en-US\",\"potentialAction\":[{\"@type\":\"ReadAction\",\"target\":[\"https:\/\/podbielski.pl\/badania\/\"]}]},{\"@type\":\"BreadcrumbList\",\"@id\":\"https:\/\/podbielski.pl\/badania\/#breadcrumb\",\"itemListElement\":[{\"@type\":\"ListItem\",\"position\":1,\"name\":\"Strona g\u0142\u00f3wna\",\"item\":\"https:\/\/podbielski.pl\/fundacja-dr-podbielski-powstala-by-upamietnic-i-kontynuowac-dzialania-tadeusza-podbielskiego-dowiedz-sie-wiecej-o-naszych-dzialaniach-i-samym-dr-podbielskim-sprawdz\/\"},{\"@type\":\"ListItem\",\"position\":2,\"name\":\"Badania\"}]},{\"@type\":\"WebSite\",\"@id\":\"https:\/\/podbielski.pl\/#website\",\"url\":\"https:\/\/podbielski.pl\/\",\"name\":\"Podbielski\",\"description\":\"\",\"potentialAction\":[{\"@type\":\"SearchAction\",\"target\":{\"@type\":\"EntryPoint\",\"urlTemplate\":\"https:\/\/podbielski.pl\/?s={search_term_string}\"},\"query-input\":{\"@type\":\"PropertyValueSpecification\",\"valueRequired\":true,\"valueName\":\"search_term_string\"}}],\"inLanguage\":\"en-US\"}]}<\/script>\n<!-- \/ Yoast SEO plugin. -->","yoast_head_json":{"title":"Badania Mikroelement\u00f3w TP2 - Fundacja Dr Podbielski","description":"Badania skuteczno\u015bci mikroelement\u00f3w TP2 zebrane w jednym miejscu. Sprawd\u017a i dowiedz si\u0119 wi\u0119cej!","robots":{"index":"index","follow":"follow","max-snippet":"max-snippet:-1","max-image-preview":"max-image-preview:large","max-video-preview":"max-video-preview:-1"},"canonical":"https:\/\/podbielski.pl\/badania\/","og_locale":"en_US","og_type":"article","og_title":"Badania Mikroelement\u00f3w TP2 - Fundacja Dr Podbielski","og_description":"Badania skuteczno\u015bci mikroelement\u00f3w TP2 zebrane w jednym miejscu. Sprawd\u017a i dowiedz si\u0119 wi\u0119cej!","og_url":"https:\/\/podbielski.pl\/badania\/","og_site_name":"Podbielski","article_modified_time":"2023-04-18T08:47:37+00:00","twitter_card":"summary_large_image","twitter_misc":{"Est. reading time":"3 minutes"},"schema":{"@context":"https:\/\/schema.org","@graph":[{"@type":"WebPage","@id":"https:\/\/podbielski.pl\/badania\/","url":"https:\/\/podbielski.pl\/badania\/","name":"Badania Mikroelement\u00f3w TP2 - Fundacja Dr Podbielski","isPartOf":{"@id":"https:\/\/podbielski.pl\/#website"},"datePublished":"2022-09-20T13:40:04+00:00","dateModified":"2023-04-18T08:47:37+00:00","description":"Badania skuteczno\u015bci mikroelement\u00f3w TP2 zebrane w jednym miejscu. Sprawd\u017a i dowiedz si\u0119 wi\u0119cej!","breadcrumb":{"@id":"https:\/\/podbielski.pl\/badania\/#breadcrumb"},"inLanguage":"en-US","potentialAction":[{"@type":"ReadAction","target":["https:\/\/podbielski.pl\/badania\/"]}]},{"@type":"BreadcrumbList","@id":"https:\/\/podbielski.pl\/badania\/#breadcrumb","itemListElement":[{"@type":"ListItem","position":1,"name":"Strona g\u0142\u00f3wna","item":"https:\/\/podbielski.pl\/fundacja-dr-podbielski-powstala-by-upamietnic-i-kontynuowac-dzialania-tadeusza-podbielskiego-dowiedz-sie-wiecej-o-naszych-dzialaniach-i-samym-dr-podbielskim-sprawdz\/"},{"@type":"ListItem","position":2,"name":"Badania"}]},{"@type":"WebSite","@id":"https:\/\/podbielski.pl\/#website","url":"https:\/\/podbielski.pl\/","name":"Podbielski","description":"","potentialAction":[{"@type":"SearchAction","target":{"@type":"EntryPoint","urlTemplate":"https:\/\/podbielski.pl\/?s={search_term_string}"},"query-input":{"@type":"PropertyValueSpecification","valueRequired":true,"valueName":"search_term_string"}}],"inLanguage":"en-US"}]}},"_links":{"self":[{"href":"https:\/\/dev.podbielski.pl\/en\/wp-json\/wp\/v2\/pages\/312","targetHints":{"allow":["GET"]}}],"collection":[{"href":"https:\/\/dev.podbielski.pl\/en\/wp-json\/wp\/v2\/pages"}],"about":[{"href":"https:\/\/dev.podbielski.pl\/en\/wp-json\/wp\/v2\/types\/page"}],"author":[{"embeddable":true,"href":"https:\/\/dev.podbielski.pl\/en\/wp-json\/wp\/v2\/users\/1"}],"replies":[{"embeddable":true,"href":"https:\/\/dev.podbielski.pl\/en\/wp-json\/wp\/v2\/comments?post=312"}],"version-history":[{"count":5,"href":"https:\/\/dev.podbielski.pl\/en\/wp-json\/wp\/v2\/pages\/312\/revisions"}],"predecessor-version":[{"id":744,"href":"https:\/\/dev.podbielski.pl\/en\/wp-json\/wp\/v2\/pages\/312\/revisions\/744"}],"wp:attachment":[{"href":"https:\/\/dev.podbielski.pl\/en\/wp-json\/wp\/v2\/media?parent=312"}],"curies":[{"name":"wp","href":"https:\/\/api.w.org\/{rel}","templated":true}]}}