{"id":344,"date":"2022-09-27T16:04:31","date_gmt":"2022-09-27T14:04:31","guid":{"rendered":"https:\/\/dev.podbielski.pl\/?page_id=344"},"modified":"2024-03-27T12:42:03","modified_gmt":"2024-03-27T11:42:03","slug":"ulotka-informacyjna-o-tp2","status":"publish","type":"page","link":"https:\/\/dev.podbielski.pl\/en\/ulotka-informacyjna-o-tp2\/","title":{"rendered":"Information leaflet <span>about TP2<\/span>"},"content":{"rendered":"<p class=\"p1\"><b>MICRONUTRIENTS TP2 DR PODBIELSKI<\/b><\/p>\n<p class=\"p2\">Dr. Tadeusz Podbielski by<\/p>\n<p class=\"p2\">50 years perfected the composition, form<\/p>\n<p class=\"p2\">and methods of application<\/p>\n<p class=\"p3\">TP2 micronutrients.<\/p>\n<p class=\"p2\">Micronutrients by formula<\/p>\n<p class=\"p2\">Dr. Podbielski is referred to as<\/p>\n<p class=\"p2\">As a natural biogenic stimulant that maintains the body's immunity.<\/p>\n<p class=\"p5\"><b>HOW TO USE TP2 DIETARY SUPPLEMENT?<\/b><\/p>\n<p class=\"p6\">The product is manufactured and intended for home use only.<\/p>\n<p class=\"p8\"><b>PREPARATION<\/b><\/p>\n<p class=\"p9\">Bottle contains 10 ml of micronutrients<\/p>\n<p class=\"p10\">intended for dilution.<\/p>\n<p class=\"p10\"><span class=\"s1\">Bottle contents<\/span> <span class=\"s1\">10 ml dilute<\/span> <span class=\"s1\">w <\/span><span class=\"s4\">1<\/span> <span class=\"s1\">liter <\/span>Boiled and cooled water. We will get <span class=\"s4\">1<\/span> <span class=\"s1\">A liter (1000 ml) of solution,<\/span> <span class=\"s1\">which is the product of <\/span>ready.<\/p>\n<p class=\"p12\"><b>STORAGE<\/b><\/p>\n<p class=\"p9\">Store in glass vessels,<\/p>\n<p class=\"p9\">at room temperature, dark place<\/p>\n<p class=\"p13\">Inaccessible to children. After dilution in water, the product must not stand for more than 6 months, after which a new bottle of TP2 must be diluted.<\/p>\n<p class=\"p14\"><b>APPLICATION<\/b><\/p>\n<p class=\"p15\">Sediment at the bottom of the bottle is a natural occurrence. Stir before each use. Take directly, can be sipped with water, but do not add to tea. Always after a meal, never on an empty stomach.<\/p>\n<p class=\"p16\"><b>With increased demand for micronutrients<\/b><\/p>\n<p class=\"p17\">1. exceptionally, use 3 teaspoons a day<\/p>\n<p class=\"p18\">2. 10 ml bottle after dilution at such a<\/p>\n<p class=\"p19\">use is enough for about 2 months<\/p>\n<p class=\"p17\">4. do not take breaks in the application<\/p>\n<p class=\"p21\"><b>With normal micronutrient requirements<\/b><\/p>\n<p class=\"p22\"><span class=\"s1\">1. once a day<\/span> <span class=\"s4\">1<\/span> <span class=\"s1\"> a teaspoon of the solution<\/span><\/p>\n<p class=\"p23\">2. 10 ml bottle after dilution at such a<\/p>\n<p class=\"p24\">use is enough for about 6 months<\/p>\n<p class=\"p22\">3. can be applied 2 times a year during the solstice period<\/p>\n<p class=\"p26\"><b>Children<\/b><\/p>\n<p class=\"p27\">1. half a teaspoon a day<\/p>\n<p class=\"p28\"><b>WARNINGS<\/b><\/p>\n<p class=\"p6\">Do not exceed the recommended serving for consumption<\/p>\n<p class=\"p29\">during the day. Dietary supplement should not be used as a substitute (replacement) for a varied diet.<\/p>\n<p class=\"p27\">Consumption of micronutrients should be consulted with a doctor in case of: radiation therapy, therapies aimed at lowering the body's immune system, hypertension or taking medications that reduce blood clotting<\/p>\n<p class=\"p28\"><b>TP2 MICRONUTRIENT COMPONENTS<\/b><\/p>\n<p class=\"p6\">Ingredients: iron, magnesium, cobalt, copper, zinc, antioxidant: citric acid (E 330)<\/p>\n<p class=\"p30\">Mineral content:<\/p>\n<p class=\"p30\">Composition in 1 serving (1 teaspoon 5ml):<\/p>\n<p class=\"p30\">\u00af elazo - 2 mg (14% RWS*)<\/p>\n<p class=\"p30\">magnesium - 0.49 mg (0.13% RWS)<\/p>\n<p class=\"p30\">cobalt - 0.62 mg<\/p>\n<p class=\"p30\">copper - 0.38 mg (38% RWS)<\/p>\n<p class=\"p30\">zinc - 0.17 mg (1.7% RWS)<\/p>\n<p class=\"p30\">Composition in 1 serving (3 teaspoons 15 ml):<\/p>\n<p class=\"p30\">\u00af elazo - 6 mg (42% RWS)<\/p>\n<p class=\"p30\">magnesium - 1.47 mg (0.39% RWS)<\/p>\n<p class=\"p30\">cobalt - 1.86 mg<\/p>\n<p class=\"p30\">copper - 1.14 mg (114% RWS)<\/p>\n<p class=\"p30\">Zinc - 0.51 mg (5.1% RWS)<\/p>\n<p class=\"p33\">*RWS - Reference Intake Value.<\/p>\n<p class=\"p1\"><b>IF THEY HELPED YOU, HELP OTHERS<\/b><\/p>\n<p class=\"p35\">Together, let's help ourselves and others, just as he did<\/p>\n<p class=\"p36\">is Dr. Podbielski.<\/p>\n<p class=\"p35\"><b>How to make a donation to the Foundation<\/b><\/p>\n<p class=\"p36\"><b>Dr. Podbielski?<\/b><\/p>\n<p class=\"p35\">You can donate any amount to the Foundation<\/p>\n<p class=\"p35\">Dr. Podbielski making the transfer online<\/p>\n<p class=\"p36\"><b>www.podbielski.pl\/darowizna<\/b> or traditional wire transfer:<\/p>\n<p class=\"p35\"><b>Transfer details:<\/b><\/p>\n<p class=\"p35\"><b>Recipient:<\/b> Dr. Podbielski Foundation<\/p>\n<p class=\"p35\"><b>Address:<\/b> 12 Ogrodowa St., 61-821 Poznan<\/p>\n<p class=\"p35\"><b>Account number: <\/b>52 1090 1854 0000 0001 4437 3709<\/p>\n<p class=\"p37\"><b>Title: <\/b>Donation for the foundation's statutory purposes<\/p>\n<p class=\"p38\">Thank you that together with you we can help others.<\/p>\n<p class=\"p39\">Dr Podbielski Foundation KRS 0000828273 NIP 7831812833<\/p>\n<p class=\"p40\">www.podbielski.pl | kontakt@podbielski.pl | tel. +48 957 412 471<\/p>","protected":false},"excerpt":{"rendered":"<p>DR PODBIELSKI'S TP2 micronutrients Dr. Tadeusz Podbielski has spent 50 years perfecting the composition, form and application methods of TP2 micronutrients. Micronutrients according to Dr. Podbielski's formula are referred to as. <a href=\"https:\/\/dev.podbielski.pl\/en\/ulotka-informacyjna-o-tp2\/\" class=\"more-link\">Read more...<\/a><\/p>","protected":false},"author":1,"featured_media":0,"parent":0,"menu_order":0,"comment_status":"closed","ping_status":"closed","template":"","meta":{"_acf_changed":false,"footnotes":""},"class_list":["post-344","page","type-page","status-publish","hentry"],"acf":[],"yoast_head":"<!-- This site is optimized with the Yoast SEO plugin v24.7 - https:\/\/yoast.com\/wordpress\/plugins\/seo\/ -->\n<title>Ulotka informacyjna o TP2 - Podbielski<\/title>\n<meta name=\"robots\" content=\"index, follow, max-snippet:-1, max-image-preview:large, max-video-preview:-1\" \/>\n<link rel=\"canonical\" href=\"https:\/\/podbielski.pl\/ulotka-informacyjna-o-tp2\/\" \/>\n<meta property=\"og:locale\" content=\"en_US\" \/>\n<meta property=\"og:type\" content=\"article\" \/>\n<meta property=\"og:title\" content=\"Ulotka informacyjna o TP2 - Podbielski\" \/>\n<meta property=\"og:description\" content=\"MIKROELEMENTY TP2 DR PODBIELSKIEGO Dr Tadeusz Podbielski przez 50 lat doskonali\u0142 sk\u0142ad, form\u0119 oraz sposoby stosowania mikroelement\u00f3w TP2. Mikroelementy wg receptury Dr Podbielskiego okre\u015blane s\u0105 Czytaj dalej...\" \/>\n<meta property=\"og:url\" content=\"https:\/\/podbielski.pl\/ulotka-informacyjna-o-tp2\/\" \/>\n<meta property=\"og:site_name\" content=\"Podbielski\" \/>\n<meta property=\"article:modified_time\" content=\"2024-03-27T11:42:03+00:00\" \/>\n<meta name=\"twitter:card\" content=\"summary_large_image\" \/>\n<meta name=\"twitter:label1\" content=\"Est. reading time\" \/>\n\t<meta name=\"twitter:data1\" content=\"3 minutes\" \/>\n<script type=\"application\/ld+json\" class=\"yoast-schema-graph\">{\"@context\":\"https:\/\/schema.org\",\"@graph\":[{\"@type\":\"WebPage\",\"@id\":\"https:\/\/podbielski.pl\/ulotka-informacyjna-o-tp2\/\",\"url\":\"https:\/\/podbielski.pl\/ulotka-informacyjna-o-tp2\/\",\"name\":\"Ulotka informacyjna o TP2 - Podbielski\",\"isPartOf\":{\"@id\":\"https:\/\/podbielski.pl\/#website\"},\"datePublished\":\"2022-09-27T14:04:31+00:00\",\"dateModified\":\"2024-03-27T11:42:03+00:00\",\"breadcrumb\":{\"@id\":\"https:\/\/podbielski.pl\/ulotka-informacyjna-o-tp2\/#breadcrumb\"},\"inLanguage\":\"en-US\",\"potentialAction\":[{\"@type\":\"ReadAction\",\"target\":[\"https:\/\/podbielski.pl\/ulotka-informacyjna-o-tp2\/\"]}]},{\"@type\":\"BreadcrumbList\",\"@id\":\"https:\/\/podbielski.pl\/ulotka-informacyjna-o-tp2\/#breadcrumb\",\"itemListElement\":[{\"@type\":\"ListItem\",\"position\":1,\"name\":\"Strona g\u0142\u00f3wna\",\"item\":\"https:\/\/podbielski.pl\/fundacja-dr-podbielski-powstala-by-upamietnic-i-kontynuowac-dzialania-tadeusza-podbielskiego-dowiedz-sie-wiecej-o-naszych-dzialaniach-i-samym-dr-podbielskim-sprawdz\/\"},{\"@type\":\"ListItem\",\"position\":2,\"name\":\"Ulotka informacyjna o TP2\"}]},{\"@type\":\"WebSite\",\"@id\":\"https:\/\/podbielski.pl\/#website\",\"url\":\"https:\/\/podbielski.pl\/\",\"name\":\"Podbielski\",\"description\":\"\",\"potentialAction\":[{\"@type\":\"SearchAction\",\"target\":{\"@type\":\"EntryPoint\",\"urlTemplate\":\"https:\/\/podbielski.pl\/?s={search_term_string}\"},\"query-input\":{\"@type\":\"PropertyValueSpecification\",\"valueRequired\":true,\"valueName\":\"search_term_string\"}}],\"inLanguage\":\"en-US\"}]}<\/script>\n<!-- \/ Yoast SEO plugin. -->","yoast_head_json":{"title":"Ulotka informacyjna o TP2 - Podbielski","robots":{"index":"index","follow":"follow","max-snippet":"max-snippet:-1","max-image-preview":"max-image-preview:large","max-video-preview":"max-video-preview:-1"},"canonical":"https:\/\/podbielski.pl\/ulotka-informacyjna-o-tp2\/","og_locale":"en_US","og_type":"article","og_title":"Ulotka informacyjna o TP2 - Podbielski","og_description":"MIKROELEMENTY TP2 DR PODBIELSKIEGO Dr Tadeusz Podbielski przez 50 lat doskonali\u0142 sk\u0142ad, form\u0119 oraz sposoby stosowania mikroelement\u00f3w TP2. Mikroelementy wg receptury Dr Podbielskiego okre\u015blane s\u0105 Czytaj dalej...","og_url":"https:\/\/podbielski.pl\/ulotka-informacyjna-o-tp2\/","og_site_name":"Podbielski","article_modified_time":"2024-03-27T11:42:03+00:00","twitter_card":"summary_large_image","twitter_misc":{"Est. reading time":"3 minutes"},"schema":{"@context":"https:\/\/schema.org","@graph":[{"@type":"WebPage","@id":"https:\/\/podbielski.pl\/ulotka-informacyjna-o-tp2\/","url":"https:\/\/podbielski.pl\/ulotka-informacyjna-o-tp2\/","name":"Ulotka informacyjna o TP2 - Podbielski","isPartOf":{"@id":"https:\/\/podbielski.pl\/#website"},"datePublished":"2022-09-27T14:04:31+00:00","dateModified":"2024-03-27T11:42:03+00:00","breadcrumb":{"@id":"https:\/\/podbielski.pl\/ulotka-informacyjna-o-tp2\/#breadcrumb"},"inLanguage":"en-US","potentialAction":[{"@type":"ReadAction","target":["https:\/\/podbielski.pl\/ulotka-informacyjna-o-tp2\/"]}]},{"@type":"BreadcrumbList","@id":"https:\/\/podbielski.pl\/ulotka-informacyjna-o-tp2\/#breadcrumb","itemListElement":[{"@type":"ListItem","position":1,"name":"Strona g\u0142\u00f3wna","item":"https:\/\/podbielski.pl\/fundacja-dr-podbielski-powstala-by-upamietnic-i-kontynuowac-dzialania-tadeusza-podbielskiego-dowiedz-sie-wiecej-o-naszych-dzialaniach-i-samym-dr-podbielskim-sprawdz\/"},{"@type":"ListItem","position":2,"name":"Ulotka informacyjna o TP2"}]},{"@type":"WebSite","@id":"https:\/\/podbielski.pl\/#website","url":"https:\/\/podbielski.pl\/","name":"Podbielski","description":"","potentialAction":[{"@type":"SearchAction","target":{"@type":"EntryPoint","urlTemplate":"https:\/\/podbielski.pl\/?s={search_term_string}"},"query-input":{"@type":"PropertyValueSpecification","valueRequired":true,"valueName":"search_term_string"}}],"inLanguage":"en-US"}]}},"_links":{"self":[{"href":"https:\/\/dev.podbielski.pl\/en\/wp-json\/wp\/v2\/pages\/344","targetHints":{"allow":["GET"]}}],"collection":[{"href":"https:\/\/dev.podbielski.pl\/en\/wp-json\/wp\/v2\/pages"}],"about":[{"href":"https:\/\/dev.podbielski.pl\/en\/wp-json\/wp\/v2\/types\/page"}],"author":[{"embeddable":true,"href":"https:\/\/dev.podbielski.pl\/en\/wp-json\/wp\/v2\/users\/1"}],"replies":[{"embeddable":true,"href":"https:\/\/dev.podbielski.pl\/en\/wp-json\/wp\/v2\/comments?post=344"}],"version-history":[{"count":5,"href":"https:\/\/dev.podbielski.pl\/en\/wp-json\/wp\/v2\/pages\/344\/revisions"}],"predecessor-version":[{"id":4162,"href":"https:\/\/dev.podbielski.pl\/en\/wp-json\/wp\/v2\/pages\/344\/revisions\/4162"}],"wp:attachment":[{"href":"https:\/\/dev.podbielski.pl\/en\/wp-json\/wp\/v2\/media?parent=344"}],"curies":[{"name":"wp","href":"https:\/\/api.w.org\/{rel}","templated":true}]}}