{"id":5,"date":"2021-03-08T11:42:14","date_gmt":"2021-03-08T10:42:14","guid":{"rendered":"https:\/\/dev.podbielski.pl\/?page_id=5"},"modified":"2022-10-11T13:57:00","modified_gmt":"2022-10-11T11:57:00","slug":"fundacja-dr-podbielski-powstala-by-upamietnic-i-kontynuowac-dzialania-tadeusza-podbielskiego-dowiedz-sie-wiecej-o-naszych-dzialaniach-i-samym-dr-podbielskim-sprawdz","status":"publish","type":"page","link":"https:\/\/dev.podbielski.pl\/en\/","title":{"rendered":"Home Page"},"content":{"rendered":"","protected":false},"excerpt":{"rendered":"","protected":false},"author":1,"featured_media":0,"parent":0,"menu_order":0,"comment_status":"closed","ping_status":"closed","template":"page-home2.php","meta":{"_acf_changed":false,"footnotes":""},"class_list":["post-5","page","type-page","status-publish","hentry"],"acf":[],"yoast_head":"<!-- This site is optimized with the Yoast SEO plugin v24.7 - https:\/\/yoast.com\/wordpress\/plugins\/seo\/ -->\n<title>Fundacja Dr Podbielski<\/title>\n<meta name=\"description\" content=\"Fundacja Dr Podbielski powsta\u0142a, by upami\u0119tni\u0107 i kontynuowa\u0107 dzia\u0142ania Tadeusza Podbielskiego. Dowiedz si\u0119 wi\u0119cej o naszych dzia\u0142aniach i samym dr Podbielskim. Sprawd\u017a!\" \/>\n<meta name=\"robots\" content=\"index, follow, max-snippet:-1, max-image-preview:large, max-video-preview:-1\" \/>\n<link rel=\"canonical\" href=\"https:\/\/podbielski.pl\/fundacja-dr-podbielski-powstala-by-upamietnic-i-kontynuowac-dzialania-tadeusza-podbielskiego-dowiedz-sie-wiecej-o-naszych-dzialaniach-i-samym-dr-podbielskim-sprawdz\/\" \/>\n<meta property=\"og:locale\" content=\"en_US\" \/>\n<meta property=\"og:type\" content=\"article\" \/>\n<meta property=\"og:title\" content=\"Fundacja Dr Podbielski\" \/>\n<meta property=\"og:description\" content=\"Fundacja Dr Podbielski powsta\u0142a, by upami\u0119tni\u0107 i kontynuowa\u0107 dzia\u0142ania Tadeusza Podbielskiego. Dowiedz si\u0119 wi\u0119cej o naszych dzia\u0142aniach i samym dr Podbielskim. Sprawd\u017a!\" \/>\n<meta property=\"og:url\" content=\"https:\/\/podbielski.pl\/fundacja-dr-podbielski-powstala-by-upamietnic-i-kontynuowac-dzialania-tadeusza-podbielskiego-dowiedz-sie-wiecej-o-naszych-dzialaniach-i-samym-dr-podbielskim-sprawdz\/\" \/>\n<meta property=\"og:site_name\" content=\"Podbielski\" \/>\n<meta property=\"article:modified_time\" content=\"2022-10-11T11:57:00+00:00\" \/>\n<meta name=\"twitter:card\" content=\"summary_large_image\" \/>\n<script type=\"application\/ld+json\" class=\"yoast-schema-graph\">{\"@context\":\"https:\/\/schema.org\",\"@graph\":[{\"@type\":\"WebPage\",\"@id\":\"https:\/\/podbielski.pl\/fundacja-dr-podbielski-powstala-by-upamietnic-i-kontynuowac-dzialania-tadeusza-podbielskiego-dowiedz-sie-wiecej-o-naszych-dzialaniach-i-samym-dr-podbielskim-sprawdz\/\",\"url\":\"https:\/\/podbielski.pl\/fundacja-dr-podbielski-powstala-by-upamietnic-i-kontynuowac-dzialania-tadeusza-podbielskiego-dowiedz-sie-wiecej-o-naszych-dzialaniach-i-samym-dr-podbielskim-sprawdz\/\",\"name\":\"Fundacja Dr Podbielski\",\"isPartOf\":{\"@id\":\"https:\/\/podbielski.pl\/#website\"},\"datePublished\":\"2021-03-08T10:42:14+00:00\",\"dateModified\":\"2022-10-11T11:57:00+00:00\",\"description\":\"Fundacja Dr Podbielski powsta\u0142a, by upami\u0119tni\u0107 i kontynuowa\u0107 dzia\u0142ania Tadeusza Podbielskiego. Dowiedz si\u0119 wi\u0119cej o naszych dzia\u0142aniach i samym dr Podbielskim. Sprawd\u017a!\",\"breadcrumb\":{\"@id\":\"https:\/\/podbielski.pl\/fundacja-dr-podbielski-powstala-by-upamietnic-i-kontynuowac-dzialania-tadeusza-podbielskiego-dowiedz-sie-wiecej-o-naszych-dzialaniach-i-samym-dr-podbielskim-sprawdz\/#breadcrumb\"},\"inLanguage\":\"en-US\",\"potentialAction\":[{\"@type\":\"ReadAction\",\"target\":[\"https:\/\/podbielski.pl\/fundacja-dr-podbielski-powstala-by-upamietnic-i-kontynuowac-dzialania-tadeusza-podbielskiego-dowiedz-sie-wiecej-o-naszych-dzialaniach-i-samym-dr-podbielskim-sprawdz\/\"]}]},{\"@type\":\"BreadcrumbList\",\"@id\":\"https:\/\/podbielski.pl\/fundacja-dr-podbielski-powstala-by-upamietnic-i-kontynuowac-dzialania-tadeusza-podbielskiego-dowiedz-sie-wiecej-o-naszych-dzialaniach-i-samym-dr-podbielskim-sprawdz\/#breadcrumb\",\"itemListElement\":[{\"@type\":\"ListItem\",\"position\":1,\"name\":\"Strona g\u0142\u00f3wna\",\"item\":\"https:\/\/podbielski.pl\/fundacja-dr-podbielski-powstala-by-upamietnic-i-kontynuowac-dzialania-tadeusza-podbielskiego-dowiedz-sie-wiecej-o-naszych-dzialaniach-i-samym-dr-podbielskim-sprawdz\/\"},{\"@type\":\"ListItem\",\"position\":2,\"name\":\"Strona G\u0142\u00f3wna\"}]},{\"@type\":\"WebSite\",\"@id\":\"https:\/\/podbielski.pl\/#website\",\"url\":\"https:\/\/podbielski.pl\/\",\"name\":\"Podbielski\",\"description\":\"\",\"potentialAction\":[{\"@type\":\"SearchAction\",\"target\":{\"@type\":\"EntryPoint\",\"urlTemplate\":\"https:\/\/podbielski.pl\/?s={search_term_string}\"},\"query-input\":{\"@type\":\"PropertyValueSpecification\",\"valueRequired\":true,\"valueName\":\"search_term_string\"}}],\"inLanguage\":\"en-US\"}]}<\/script>\n<!-- \/ Yoast SEO plugin. -->","yoast_head_json":{"title":"Fundacja Dr Podbielski","description":"Fundacja Dr Podbielski powsta\u0142a, by upami\u0119tni\u0107 i kontynuowa\u0107 dzia\u0142ania Tadeusza Podbielskiego. Dowiedz si\u0119 wi\u0119cej o naszych dzia\u0142aniach i samym dr Podbielskim. Sprawd\u017a!","robots":{"index":"index","follow":"follow","max-snippet":"max-snippet:-1","max-image-preview":"max-image-preview:large","max-video-preview":"max-video-preview:-1"},"canonical":"https:\/\/podbielski.pl\/fundacja-dr-podbielski-powstala-by-upamietnic-i-kontynuowac-dzialania-tadeusza-podbielskiego-dowiedz-sie-wiecej-o-naszych-dzialaniach-i-samym-dr-podbielskim-sprawdz\/","og_locale":"en_US","og_type":"article","og_title":"Fundacja Dr Podbielski","og_description":"Fundacja Dr Podbielski powsta\u0142a, by upami\u0119tni\u0107 i kontynuowa\u0107 dzia\u0142ania Tadeusza Podbielskiego. Dowiedz si\u0119 wi\u0119cej o naszych dzia\u0142aniach i samym dr Podbielskim. Sprawd\u017a!","og_url":"https:\/\/podbielski.pl\/fundacja-dr-podbielski-powstala-by-upamietnic-i-kontynuowac-dzialania-tadeusza-podbielskiego-dowiedz-sie-wiecej-o-naszych-dzialaniach-i-samym-dr-podbielskim-sprawdz\/","og_site_name":"Podbielski","article_modified_time":"2022-10-11T11:57:00+00:00","twitter_card":"summary_large_image","schema":{"@context":"https:\/\/schema.org","@graph":[{"@type":"WebPage","@id":"https:\/\/podbielski.pl\/fundacja-dr-podbielski-powstala-by-upamietnic-i-kontynuowac-dzialania-tadeusza-podbielskiego-dowiedz-sie-wiecej-o-naszych-dzialaniach-i-samym-dr-podbielskim-sprawdz\/","url":"https:\/\/podbielski.pl\/fundacja-dr-podbielski-powstala-by-upamietnic-i-kontynuowac-dzialania-tadeusza-podbielskiego-dowiedz-sie-wiecej-o-naszych-dzialaniach-i-samym-dr-podbielskim-sprawdz\/","name":"Fundacja Dr Podbielski","isPartOf":{"@id":"https:\/\/podbielski.pl\/#website"},"datePublished":"2021-03-08T10:42:14+00:00","dateModified":"2022-10-11T11:57:00+00:00","description":"Fundacja Dr Podbielski powsta\u0142a, by upami\u0119tni\u0107 i kontynuowa\u0107 dzia\u0142ania Tadeusza Podbielskiego. Dowiedz si\u0119 wi\u0119cej o naszych dzia\u0142aniach i samym dr Podbielskim. Sprawd\u017a!","breadcrumb":{"@id":"https:\/\/podbielski.pl\/fundacja-dr-podbielski-powstala-by-upamietnic-i-kontynuowac-dzialania-tadeusza-podbielskiego-dowiedz-sie-wiecej-o-naszych-dzialaniach-i-samym-dr-podbielskim-sprawdz\/#breadcrumb"},"inLanguage":"en-US","potentialAction":[{"@type":"ReadAction","target":["https:\/\/podbielski.pl\/fundacja-dr-podbielski-powstala-by-upamietnic-i-kontynuowac-dzialania-tadeusza-podbielskiego-dowiedz-sie-wiecej-o-naszych-dzialaniach-i-samym-dr-podbielskim-sprawdz\/"]}]},{"@type":"BreadcrumbList","@id":"https:\/\/podbielski.pl\/fundacja-dr-podbielski-powstala-by-upamietnic-i-kontynuowac-dzialania-tadeusza-podbielskiego-dowiedz-sie-wiecej-o-naszych-dzialaniach-i-samym-dr-podbielskim-sprawdz\/#breadcrumb","itemListElement":[{"@type":"ListItem","position":1,"name":"Strona g\u0142\u00f3wna","item":"https:\/\/podbielski.pl\/fundacja-dr-podbielski-powstala-by-upamietnic-i-kontynuowac-dzialania-tadeusza-podbielskiego-dowiedz-sie-wiecej-o-naszych-dzialaniach-i-samym-dr-podbielskim-sprawdz\/"},{"@type":"ListItem","position":2,"name":"Strona G\u0142\u00f3wna"}]},{"@type":"WebSite","@id":"https:\/\/podbielski.pl\/#website","url":"https:\/\/podbielski.pl\/","name":"Podbielski","description":"","potentialAction":[{"@type":"SearchAction","target":{"@type":"EntryPoint","urlTemplate":"https:\/\/podbielski.pl\/?s={search_term_string}"},"query-input":{"@type":"PropertyValueSpecification","valueRequired":true,"valueName":"search_term_string"}}],"inLanguage":"en-US"}]}},"_links":{"self":[{"href":"https:\/\/dev.podbielski.pl\/en\/wp-json\/wp\/v2\/pages\/5","targetHints":{"allow":["GET"]}}],"collection":[{"href":"https:\/\/dev.podbielski.pl\/en\/wp-json\/wp\/v2\/pages"}],"about":[{"href":"https:\/\/dev.podbielski.pl\/en\/wp-json\/wp\/v2\/types\/page"}],"author":[{"embeddable":true,"href":"https:\/\/dev.podbielski.pl\/en\/wp-json\/wp\/v2\/users\/1"}],"replies":[{"embeddable":true,"href":"https:\/\/dev.podbielski.pl\/en\/wp-json\/wp\/v2\/comments?post=5"}],"version-history":[{"count":1,"href":"https:\/\/dev.podbielski.pl\/en\/wp-json\/wp\/v2\/pages\/5\/revisions"}],"predecessor-version":[{"id":6,"href":"https:\/\/dev.podbielski.pl\/en\/wp-json\/wp\/v2\/pages\/5\/revisions\/6"}],"wp:attachment":[{"href":"https:\/\/dev.podbielski.pl\/en\/wp-json\/wp\/v2\/media?parent=5"}],"curies":[{"name":"wp","href":"https:\/\/api.w.org\/{rel}","templated":true}]}}